{"id":291,"date":"2025-01-31T23:21:03","date_gmt":"2025-01-31T22:21:03","guid":{"rendered":"http:\/\/hwi.sk.maggie.speedweb.sk\/?page_id=291"},"modified":"2026-01-08T10:03:28","modified_gmt":"2026-01-08T09:03:28","slug":"home-2","status":"publish","type":"page","link":"https:\/\/hwi.sk\/","title":{"rendered":"HONT WOOD INDUSTRY"},"content":{"rendered":"\n<div class=\"alignnormal\"><div id=\"metaslider-id-342\" style=\"width: 100%;\" class=\"ml-slider-3-104-0 metaslider metaslider-flex metaslider-342 ml-slider has-dots-nav ms-theme-default-base\" role=\"region\" aria-label=\"New Slideshow\" data-height=\"256\" data-width=\"550\">\n    <div id=\"metaslider_container_342\">\n        <div id=\"metaslider_342\">\n            <ul class='slides'>\n                <li style=\"display: block; width: 100%;\" class=\"slide-343 ms-image \" aria-roledescription=\"slide\" data-date=\"2025-02-01 15:11:45\" data-filename=\"Category1.jpg\" data-slide-type=\"image\"><img loading=\"lazy\" decoding=\"async\" src=\"https:\/\/hwi.sk\/wp-content\/uploads\/2025\/02\/Category1.jpg\" height=\"256\" width=\"550\" alt=\"Obalov\u00fd a p\u00e1skovac\u00ed materi\u00e1l\" class=\"slider-342 slide-343 msDefaultImage\" title=\"Obalov\u00fd a p\u00e1skovac\u00ed materi\u00e1l\" \/><\/li>\n                <li style=\"display: none; width: 100%;\" class=\"slide-347 ms-image \" aria-roledescription=\"slide\" data-date=\"2025-02-01 15:11:45\" data-filename=\"Category5.jpg\" data-slide-type=\"image\"><img loading=\"lazy\" decoding=\"async\" src=\"https:\/\/hwi.sk\/wp-content\/uploads\/2025\/02\/Category5.jpg\" height=\"256\" width=\"550\" alt=\"\" class=\"slider-342 slide-347 msDefaultImage\" title=\"Rozvod vzduchu\" \/><\/li>\n                <li style=\"display: none; width: 100%;\" class=\"slide-348 ms-image \" aria-roledescription=\"slide\" data-date=\"2025-02-01 15:11:45\" data-filename=\"Category6.jpg\" data-slide-type=\"image\"><img loading=\"lazy\" decoding=\"async\" src=\"https:\/\/hwi.sk\/wp-content\/uploads\/2025\/02\/Category6.jpg\" height=\"256\" width=\"550\" alt=\"Kompresory\" class=\"slider-342 slide-348 msDefaultImage\" title=\"Servis a Ostatn\u00e9\" \/><\/li>\n                <li style=\"display: none; width: 100%;\" class=\"slide-350 ms-image \" aria-roledescription=\"slide\" data-date=\"2025-02-01 15:22:38\" data-filename=\"vozik-scaled-550x256.jpg\" data-slide-type=\"image\"><img loading=\"lazy\" decoding=\"async\" src=\"https:\/\/hwi.sk\/wp-content\/uploads\/2025\/02\/vozik-scaled-550x256.jpg\" height=\"256\" width=\"550\" alt=\"Ru\u010dn\u00fd paletov\u00fd voz\u00edk 2,5t\" class=\"slider-342 slide-350 msDefaultImage\" title=\"Ru\u010dn\u00fd paletov\u00fd voz\u00edk 2,5t\" \/><\/li>\n                <li style=\"display: none; width: 100%;\" class=\"slide-346 ms-image \" aria-roledescription=\"slide\" data-date=\"2025-02-01 15:11:45\" data-filename=\"Category4.jpg\" data-slide-type=\"image\"><img loading=\"lazy\" decoding=\"async\" src=\"https:\/\/hwi.sk\/wp-content\/uploads\/2025\/02\/Category4.jpg\" height=\"256\" width=\"550\" alt=\"Sponkova\u010dky\" class=\"slider-342 slide-346 msDefaultImage\" title=\"Pr\u00edstroje\" \/><\/li>\n                <li style=\"display: none; width: 100%;\" class=\"slide-344 ms-image \" aria-roledescription=\"slide\" data-date=\"2025-02-01 15:11:45\" data-filename=\"Category2.jpg\" data-slide-type=\"image\"><img loading=\"lazy\" decoding=\"async\" src=\"https:\/\/hwi.sk\/wp-content\/uploads\/2025\/02\/Category2.jpg\" height=\"256\" width=\"550\" alt=\"Spojovac\u00ed materi\u00e1l\" class=\"slider-342 slide-344 msDefaultImage\" title=\"Spojovac\u00ed materi\u00e1l\" \/><\/li>\n                <li style=\"display: none; width: 100%;\" class=\"slide-345 ms-image \" aria-roledescription=\"slide\" data-date=\"2025-02-01 15:11:45\" data-filename=\"Category3.jpg\" data-slide-type=\"image\"><img loading=\"lazy\" decoding=\"async\" src=\"https:\/\/hwi.sk\/wp-content\/uploads\/2025\/02\/Category3.jpg\" height=\"256\" width=\"550\" alt=\"Drevo obr\u00e1bacie n\u00e1stroje\" class=\"slider-342 slide-345 msDefaultImage\" title=\"Drevo obr\u00e1bacie n\u00e1stroje\" \/><\/li>\n            <\/ul>\n        <\/div>\n        \n    <\/div>\n<\/div><\/div>\n\n\n\n<p class=\"has-text-color has-link-color wp-elements-d7d5d37509d2fda6422993e781cce7d9\" style=\"color:#723928\"><strong><u>Spolo\u010dnos\u0165 HWI sa od roku zalo\u017eenia 2013 zaober\u00e1 a\u00a0\u010falej rozv\u00edja \u00a0sk\u00fasenos\u0165ami v\u00a0problematike:\u00a0<\/u><\/strong><br><br><strong>*<\/strong>\u00a0\u00a0<strong><em>profesion\u00e1lneho a r\u00fdchleho sp\u00e1jania\u00a0pneumatick\u00fdm n\u00e1rad\u00edm a\u00a0spojovac\u00edm materi\u00e1lom<br>*\u00a0\u00a0n\u00e1strojmi\u00a0na p\u00edlenie\u00a0a\u00a0porez dreva<br>* balen\u00edm\u00a0v\u00fdrobkov, obalov\u00fdm materi\u00e1lom \u2026<\/em><\/strong><br><br>Kvalita v\u00fdrobkov je trad\u00edcia na\u0161ich dlhoro\u010dn\u00fdch sk\u00fasenost\u00ed v tomto\u00a0 obore. V\u00fdrobky sa neust\u00e1le optimalizuj\u00fa. Na\u0161u cie\u013eov\u00fa z\u00e1kazn\u00edcku skupinu tvoria v\u00fdrobcovia paliet, dreven\u00fdch obalov, montovan\u00fdch sendvi\u010dov\u00fdch panelov, stavebn\u00e9, strech\u00e1rske a tes\u00e1rske firmy preto\u017ee v na\u0161ich produktoch v\u017edy n\u00e1jdu svoje optim\u00e1lne, efekt\u00edvne a cenovo dostupn\u00e9 rie\u0161enie v sp\u00e1jan\u00ed hlavne dreven\u00fdch materi\u00e1lov.<br><br><strong>Vlastn\u00e1 prepravn\u00e1 autodoprava.<br>Priame a r\u00fdchle dod\u00e1vky tovaru.<\/strong><br><strong>Neust\u00e1le roz\u0161irovanie sortimentu pod\u013ea po\u017eiadaviek z\u00e1kazn\u00edkov.<\/strong><br>Kvalitn\u00fd a\u00a0r\u00fdchly servis zaru\u010duj\u00fa vysok\u00fa kvalitu a cenov\u00fa dostupnos\u0165.<br>Nami dod\u00e1van\u00e9 v\u00fdrobky z\u00a0n\u00e1s robia spo\u013eahliv\u00e9ho obchodn\u00e9ho partnera.<br><br><strong>Spolo\u010dnos\u0165 Hont Wood\u00a0Industry s.r.o.\u00a0je obchodn\u00fdm zast\u00fapen\u00edm firmy\u00a0GDA PIKL, a.s.\u00a0v Slovenskej republike.<\/strong>\u00a0<br><br><strong>Ver\u00edme \u017ee aj va\u0161e po\u017eiadavky uspokoj\u00edme pod\u013ea va\u0161ich predst\u00e1v.<\/strong><br><br><strong>Te\u0161\u00edme sa na spolo\u010dn\u00fa spolupr\u00e1cu aj s Vami.<\/strong><\/p>\n\n\n\n<p class=\"has-ast-global-color-1-color has-text-color has-link-color wp-elements-3605a9ffa0d2c30522d0187350213700\"><\/p>\n","protected":false},"excerpt":{"rendered":"<p>Spolo\u010dnos\u0165 HWI sa od roku zalo\u017eenia 2013 zaober\u00e1 a\u00a0\u010falej rozv\u00edja \u00a0sk\u00fasenos\u0165ami v\u00a0problematike:\u00a0 *\u00a0\u00a0profesion\u00e1lneho a r\u00fdchleho sp\u00e1jania\u00a0pneumatick\u00fdm n\u00e1rad\u00edm a\u00a0spojovac\u00edm materi\u00e1lom*\u00a0\u00a0n\u00e1strojmi\u00a0na p\u00edlenie\u00a0a\u00a0porez dreva* balen\u00edm\u00a0v\u00fdrobkov, obalov\u00fdm materi\u00e1lom \u2026 Kvalita v\u00fdrobkov je trad\u00edcia na\u0161ich dlhoro\u010dn\u00fdch sk\u00fasenost\u00ed v tomto\u00a0 obore. V\u00fdrobky sa neust\u00e1le optimalizuj\u00fa. Na\u0161u cie\u013eov\u00fa z\u00e1kazn\u00edcku skupinu tvoria v\u00fdrobcovia paliet, dreven\u00fdch obalov, montovan\u00fdch sendvi\u010dov\u00fdch panelov, stavebn\u00e9, strech\u00e1rske a tes\u00e1rske [&hellip;]<\/p>\n","protected":false},"author":1,"featured_media":0,"parent":0,"menu_order":0,"comment_status":"closed","ping_status":"closed","template":"","meta":{"om_disable_all_campaigns":false,"_monsterinsights_skip_tracking":false,"_monsterinsights_sitenote_active":false,"_monsterinsights_sitenote_note":"","_monsterinsights_sitenote_category":0,"site-sidebar-layout":"default","site-content-layout":"","ast-site-content-layout":"default","site-content-style":"default","site-sidebar-style":"default","ast-global-header-display":"","ast-banner-title-visibility":"","ast-main-header-display":"","ast-hfb-above-header-display":"","ast-hfb-below-header-display":"","ast-hfb-mobile-header-display":"","site-post-title":"","ast-breadcrumbs-content":"","ast-featured-img":"","footer-sml-layout":"","ast-disable-related-posts":"","theme-transparent-header-meta":"","adv-header-id-meta":"","stick-header-meta":"","header-above-stick-meta":"","header-main-stick-meta":"","header-below-stick-meta":"","astra-migrate-meta-layouts":"default","ast-page-background-enabled":"default","ast-page-background-meta":{"desktop":{"background-color":"var(--ast-global-color-5)","background-image":"","background-repeat":"repeat","background-position":"center center","background-size":"auto","background-attachment":"scroll","background-type":"","background-media":"","overlay-type":"","overlay-color":"","overlay-opacity":"","overlay-gradient":""},"tablet":{"background-color":"","background-image":"","background-repeat":"repeat","background-position":"center center","background-size":"auto","background-attachment":"scroll","background-type":"","background-media":"","overlay-type":"","overlay-color":"","overlay-opacity":"","overlay-gradient":""},"mobile":{"background-color":"","background-image":"","background-repeat":"repeat","background-position":"center center","background-size":"auto","background-attachment":"scroll","background-type":"","background-media":"","overlay-type":"","overlay-color":"","overlay-opacity":"","overlay-gradient":""}},"ast-content-background-meta":{"desktop":{"background-color":"var(--ast-global-color-4)","background-image":"","background-repeat":"repeat","background-position":"center center","background-size":"auto","background-attachment":"scroll","background-type":"","background-media":"","overlay-type":"","overlay-color":"","overlay-opacity":"","overlay-gradient":""},"tablet":{"background-color":"var(--ast-global-color-4)","background-image":"","background-repeat":"repeat","background-position":"center center","background-size":"auto","background-attachment":"scroll","background-type":"","background-media":"","overlay-type":"","overlay-color":"","overlay-opacity":"","overlay-gradient":""},"mobile":{"background-color":"var(--ast-global-color-4)","background-image":"","background-repeat":"repeat","background-position":"center center","background-size":"auto","background-attachment":"scroll","background-type":"","background-media":"","overlay-type":"","overlay-color":"","overlay-opacity":"","overlay-gradient":""}},"footnotes":""},"class_list":["post-291","page","type-page","status-publish","hentry"],"aioseo_notices":[],"_links":{"self":[{"href":"https:\/\/hwi.sk\/index.php?rest_route=\/wp\/v2\/pages\/291","targetHints":{"allow":["GET"]}}],"collection":[{"href":"https:\/\/hwi.sk\/index.php?rest_route=\/wp\/v2\/pages"}],"about":[{"href":"https:\/\/hwi.sk\/index.php?rest_route=\/wp\/v2\/types\/page"}],"author":[{"embeddable":true,"href":"https:\/\/hwi.sk\/index.php?rest_route=\/wp\/v2\/users\/1"}],"replies":[{"embeddable":true,"href":"https:\/\/hwi.sk\/index.php?rest_route=%2Fwp%2Fv2%2Fcomments&post=291"}],"version-history":[{"count":11,"href":"https:\/\/hwi.sk\/index.php?rest_route=\/wp\/v2\/pages\/291\/revisions"}],"predecessor-version":[{"id":519,"href":"https:\/\/hwi.sk\/index.php?rest_route=\/wp\/v2\/pages\/291\/revisions\/519"}],"wp:attachment":[{"href":"https:\/\/hwi.sk\/index.php?rest_route=%2Fwp%2Fv2%2Fmedia&parent=291"}],"curies":[{"name":"wp","href":"https:\/\/api.w.org\/{rel}","templated":true}]}}